{"id":15,"date":"2017-09-26T21:40:10","date_gmt":"2017-09-26T21:40:10","guid":{"rendered":"http:\/\/localhost\/wordpress\/?page_id=15"},"modified":"2021-03-09T13:17:58","modified_gmt":"2021-03-09T12:17:58","slug":"szerzodesek","status":"publish","type":"page","link":"http:\/\/www.szamorgdata.hu\/index.php\/szerzodesek\/","title":{"rendered":"Szerz\u0151d\u00e9sek"},"content":{"rendered":"<div class=\"entry-content\">\n<h3g>Szerz\u0151d\u00e9s nyilv\u00e1ntart\u00e1s<\/h3g>\n<p>\nAj\u00e1nlat k\u00e9sz\u00edt\u00e9s, aj\u00e1nlat k\u00e9r\u00e9s, rendel\u00e9s nyilv\u00e1ntart\u00e1s<\/p>\n<p>\n\u2022\u00a0\u00a0\u00a0 \u00e1raj\u00e1nlat k\u00e9sz\u00edt\u00e9s, \u00e1raj\u00e1nlat nyomtat\u00e1sa a felhaszn\u00e1l\u00f3 \u00e1ltal kialak\u00edtott form\u00e1tumban<br \/>\nsz\u00e1ll\u00edt\u00f3i ill. vev\u0151kkel kapcsolatos szerz\u0151d\u00e9sek adatainak felvitele, m\u00f3dos\u00edt\u00e1sa<br \/>\n\u2022\u00a0\u00a0\u00a0 eredeti szerz\u0151d\u00e9s k\u00e9pk\u00e9nt val\u00f3 t\u00e1rol\u00e1s\u00e1nak lehet\u0151s\u00e9ge<br \/>\n\u2022\u00a0\u00a0\u00a0 nyitott vagy teljes szerz\u0151d\u00e9s \u00e1llom\u00e1ny kimutat\u00e1sa, lek\u00e9rdez\u00e9se szerz\u0151d\u00e9senk\u00e9nt, cikkenk\u00e9nt, partnerenk\u00e9nt ill. teljes\u00edt\u00e9si hat\u00e1rid\u0151 szerint<br \/>\n\u2022\u00a0\u00a0\u00a0 sz\u00e1ll\u00edt\u00f3i, bels\u0151, vev\u0151 rendel\u00e9sek felvitele, m\u00f3dos\u00edt\u00e1sa<br \/>\n\u2022\u00a0\u00a0 ig\u00e9ny eset\u00e9n a megfelel\u0151 jogosults\u00e1ggal rendelkez\u0151 felhaszn\u00e1l\u00f3hoz rendelhet\u0151 k\u00fcl\u00f6n j\u00f3v\u00e1hagy\u00e1si funkci\u00f3 biztos\u00edt\u00e1sa<br \/>\n\u2022\u00a0\u00a0\u00a0 visszaigazol\u00e1sok r\u00f6gz\u00edt\u00e9si lehet\u0151s\u00e9ge<br \/>\n\u2022\u00a0\u00a0\u00a0 bels\u0151 ig\u00e9nyl\u00e9sek, rendel\u00e9sek eseti illetve heti, havi keretrendel\u00e9sk\u00e9nt t\u00f6rt\u00e9n\u0151 kezel\u00e9se<br \/>\n\u2022\u00a0\u00a0\u00a0 nyitott vagy teljes rendel\u00e9s \u00e1llom\u00e1ny kimutat\u00e1sa, lek\u00e9rdez\u00e9se rendel\u00e9senk\u00e9nt, cikkenk\u00e9nt, partnerenk\u00e9nt ill. teljes\u00edt\u00e9si hat\u00e1rid\u0151 szerint<br \/>\n\u2022\u00a0\u00a0\u00a0 bels\u0151 \u00e9s vev\u0151 rendel\u00e9sek feldolgoz\u00e1sa, k\u00e9szletgazd\u00e1lkod\u00e1si modulok haszn\u00e1lata eset\u00e9n a k\u00e9szleten lev\u0151 mennyis\u00e9gre \u2022\u00a0\u00a0\u00a0 automatikus foglal\u00e1si lehet\u0151s\u00e9g biztos\u00edt\u00e1sa (param\u00e9terezhet\u0151, hogy k\u00e9szlet foglal\u00e1si funkci\u00f3 m\u0171k\u00f6dj\u00f6n-e)<br \/>\n\u2022\u00a0\u00a0\u00a0 sz\u00e1ll\u00edt\u00f3i megrendel\u00e9sek gener\u00e1l\u00e1sa, bels\u0151 rendel\u00e9sek \u00f6sszes\u00edt\u00e9se<br \/>\n\u2022\u00a0\u00a0\u00a0 sz\u00e1ll\u00edt\u00f3i rendel\u00e9sek gener\u00e1l\u00e1s\u00e1nak lehet\u0151s\u00e9ge a minimum k\u00e9szlet al\u00e1 s\u00fcllyedt k\u00e9szletekn\u00e9l<br \/>\n\u2022\u00a0\u00a0\u00a0 sz\u00e1ll\u00edt\u00f3i rendel\u00e9sek gener\u00e1l\u00e1s\u00e1nak lehet\u0151s\u00e9ge maximum k\u00e9szletre<br \/>\n\u2022\u00a0\u00a0\u00a0 sz\u00e1ll\u00edt\u00f3i rendel\u00e9sek gener\u00e1l\u00e1s\u00e1nak lehet\u0151s\u00e9ge sz\u00e1ll\u00edt\u00f3i szerz\u0151d\u00e9sek alapj\u00e1n<br \/>\n\u2022\u00a0\u00a0\u00a0 sz\u00e1ll\u00edt\u00f3i ill. bels\u0151 megrendel\u00e9sek kinyomtat\u00e1sa a felhaszn\u00e1l\u00f3 \u00e1ltal be\u00e1ll\u00edthat\u00f3 lev\u00e9l-, lista form\u00e1tumnak megfelel\u0151en<br \/>\n\u2022\u00a0\u00a0\u00a0 a sz\u00e1ll\u00edt\u00f3i rendel\u00e9sre be\u00e9rkez\u0151 k\u00e9szlet bev\u00e9telez\u00e9si lehet\u0151s\u00e9ge a rendel\u00e9sre val\u00f3 hivatkoz\u00e1ssal tov\u00e1bbi k\u00e9szletforgalmi adatr\u00f6gz\u00edt\u00e9s n\u00e9lk\u00fcl (a mennyis\u00e9gek m\u00e9g m\u00f3dos\u00edthat\u00f3k)<br \/>\n\u2022\u00a0\u00a0\u00a0 a bels\u0151, vev\u0151 rendel\u00e9sre val\u00f3 hivatkoz\u00e1ssal k\u00e9szlet kiad\u00e1s biztos\u00edt\u00e1sa tov\u00e1bbi k\u00e9szletforgalmi adatr\u00f6gz\u00edt\u00e9s n\u00e9lk\u00fcl (a mennyis\u00e9gek m\u00e9g m\u00f3dos\u00edthat\u00f3k, sz\u00fcks\u00e9ges kieg\u00e9sz\u00edt\u00e9sek megtehet\u0151k)\n<\/p>\n<\/p>\n<p><a href=\"http:\/\/www.szamorgdata.hu\/index.php\/kapcsolat\">K\u00e9rjen ingyenes konzult\u00e1ci\u00f3t! <\/a><br \/>\n<img loading=\"lazy\" decoding=\"async\" class=\"size-full wp-image-713 alignright\" src=\"http:\/\/www.szamorgdata.hu\/wp-content\/uploads\/2018\/03\/itnyilvantartas.jpeg\" alt=\"\" width=\"198\" height=\"179\" \/><\/p>\n<\/div>\n","protected":false},"excerpt":{"rendered":"<p>Szerz\u0151d\u00e9s nyilv\u00e1ntart\u00e1s Aj\u00e1nlat k\u00e9sz\u00edt\u00e9s, aj\u00e1nlat k\u00e9r\u00e9s, rendel\u00e9s nyilv\u00e1ntart\u00e1s \u2022\u00a0\u00a0\u00a0 \u00e1raj\u00e1nlat k\u00e9sz\u00edt\u00e9s, \u00e1raj\u00e1nlat nyomtat\u00e1sa a felhaszn\u00e1l\u00f3 \u00e1ltal kialak\u00edtott form\u00e1tumban sz\u00e1ll\u00edt\u00f3i ill. vev\u0151kkel kapcsolatos szerz\u0151d\u00e9sek adatainak felvitele, m\u00f3dos\u00edt\u00e1sa \u2022\u00a0\u00a0\u00a0 eredeti szerz\u0151d\u00e9s k\u00e9pk\u00e9nt val\u00f3 t\u00e1rol\u00e1s\u00e1nak lehet\u0151s\u00e9ge \u2022\u00a0\u00a0\u00a0 nyitott vagy teljes szerz\u0151d\u00e9s \u00e1llom\u00e1ny kimutat\u00e1sa, lek\u00e9rdez\u00e9se szerz\u0151d\u00e9senk\u00e9nt, cikkenk\u00e9nt, partnerenk\u00e9nt ill. teljes\u00edt\u00e9si hat\u00e1rid\u0151 szerint \u2022\u00a0\u00a0\u00a0 sz\u00e1ll\u00edt\u00f3i, bels\u0151, vev\u0151 rendel\u00e9sek felvitele, m\u00f3dos\u00edt\u00e1sa [&hellip;]<\/p>\n","protected":false},"author":1,"featured_media":0,"parent":0,"menu_order":0,"comment_status":"closed","ping_status":"closed","template":"fullwidth.php","meta":{"footnotes":""},"_links":{"self":[{"href":"http:\/\/www.szamorgdata.hu\/index.php\/wp-json\/wp\/v2\/pages\/15"}],"collection":[{"href":"http:\/\/www.szamorgdata.hu\/index.php\/wp-json\/wp\/v2\/pages"}],"about":[{"href":"http:\/\/www.szamorgdata.hu\/index.php\/wp-json\/wp\/v2\/types\/page"}],"author":[{"embeddable":true,"href":"http:\/\/www.szamorgdata.hu\/index.php\/wp-json\/wp\/v2\/users\/1"}],"replies":[{"embeddable":true,"href":"http:\/\/www.szamorgdata.hu\/index.php\/wp-json\/wp\/v2\/comments?post=15"}],"version-history":[{"count":10,"href":"http:\/\/www.szamorgdata.hu\/index.php\/wp-json\/wp\/v2\/pages\/15\/revisions"}],"predecessor-version":[{"id":4887,"href":"http:\/\/www.szamorgdata.hu\/index.php\/wp-json\/wp\/v2\/pages\/15\/revisions\/4887"}],"wp:attachment":[{"href":"http:\/\/www.szamorgdata.hu\/index.php\/wp-json\/wp\/v2\/media?parent=15"}],"curies":[{"name":"wp","href":"https:\/\/api.w.org\/{rel}","templated":true}]}}