{"id":21,"date":"2017-09-26T21:41:50","date_gmt":"2017-09-26T21:41:50","guid":{"rendered":"http:\/\/localhost\/wordpress\/?page_id=21"},"modified":"2021-03-09T10:02:58","modified_gmt":"2021-03-09T09:02:58","slug":"projekt-koltseg","status":"publish","type":"page","link":"http:\/\/www.szamorgdata.hu\/index.php\/projekt-koltseg\/","title":{"rendered":"Projekt-k\u00f6lts\u00e9g"},"content":{"rendered":"<header class=\"entry-header\"><\/header>\n<h3g>Projekt-k\u00f6lts\u00e9g modul<\/h3g>\n<p><p>\n\u2022\u00a0\u00a0\u00a0 projektek munk\u00e1inak k\u00f6vet\u00e9se<br \/>\n\u2022\u00a0\u00a0\u00a0 k\u00f6lts\u00e9gt\u00edpusonk\u00e9nti \u00f6sszes\u00edt\u00e9sek<br \/>\n\u2022\u00a0\u00a0\u00a0 r\u00e9szletes analitikus kimutat\u00e1sok<br \/>\n\u2022\u00a0\u00a0\u00a0 szerz\u0151d\u00e9sek szerinti \u00e9s t\u00e9nyleges adatok \u00f6sszehasonl\u00edt\u00e1sa<br \/>\n\u2022\u00a0\u00a0\u00a0 tervezett \u00e9s t\u00e9nyleges adatok \u00f6sszehasonl\u00edt\u00e1sa havonk\u00e9nti \u00e9s k\u00f6lts\u00e9gt\u00edpusonk\u00e9nti bont\u00e1sban<br \/>\n\u2022\u00a0\u00a0\u00a0 \u00f6sszes\u00edtett hozam \u00e9s k\u00f6lts\u00e9g inform\u00e1ci\u00f3k<br \/>\n\u2022\u00a0\u00a0\u00a0 fut\u00f3 \u00e9s lez\u00e1rt munk\u00e1k elemz\u00e9se<br \/>\n\u2022\u00a0\u00a0\u00a0 k\u00f6lts\u00e9gfeloszt\u00e1s<a href=\"http:\/\/www.szamorgdata.hu\/index.php\/kapcsolat\">K\u00e9rjen ingyenes konzult\u00e1ci\u00f3t! <\/a>\n<\/p><\/p>\n","protected":false},"excerpt":{"rendered":"<p>Projekt-k\u00f6lts\u00e9g modul \u2022\u00a0\u00a0\u00a0 projektek munk\u00e1inak k\u00f6vet\u00e9se \u2022\u00a0\u00a0\u00a0 k\u00f6lts\u00e9gt\u00edpusonk\u00e9nti \u00f6sszes\u00edt\u00e9sek \u2022\u00a0\u00a0\u00a0 r\u00e9szletes analitikus kimutat\u00e1sok \u2022\u00a0\u00a0\u00a0 szerz\u0151d\u00e9sek szerinti \u00e9s t\u00e9nyleges adatok \u00f6sszehasonl\u00edt\u00e1sa \u2022\u00a0\u00a0\u00a0 tervezett \u00e9s t\u00e9nyleges adatok \u00f6sszehasonl\u00edt\u00e1sa havonk\u00e9nti \u00e9s k\u00f6lts\u00e9gt\u00edpusonk\u00e9nti bont\u00e1sban \u2022\u00a0\u00a0\u00a0 \u00f6sszes\u00edtett hozam \u00e9s k\u00f6lts\u00e9g inform\u00e1ci\u00f3k \u2022\u00a0\u00a0\u00a0 fut\u00f3 \u00e9s lez\u00e1rt munk\u00e1k elemz\u00e9se \u2022\u00a0\u00a0\u00a0 k\u00f6lts\u00e9gfeloszt\u00e1sK\u00e9rjen ingyenes konzult\u00e1ci\u00f3t!<\/p>\n","protected":false},"author":1,"featured_media":0,"parent":0,"menu_order":0,"comment_status":"closed","ping_status":"closed","template":"fullwidth.php","meta":{"footnotes":""},"_links":{"self":[{"href":"http:\/\/www.szamorgdata.hu\/index.php\/wp-json\/wp\/v2\/pages\/21"}],"collection":[{"href":"http:\/\/www.szamorgdata.hu\/index.php\/wp-json\/wp\/v2\/pages"}],"about":[{"href":"http:\/\/www.szamorgdata.hu\/index.php\/wp-json\/wp\/v2\/types\/page"}],"author":[{"embeddable":true,"href":"http:\/\/www.szamorgdata.hu\/index.php\/wp-json\/wp\/v2\/users\/1"}],"replies":[{"embeddable":true,"href":"http:\/\/www.szamorgdata.hu\/index.php\/wp-json\/wp\/v2\/comments?post=21"}],"version-history":[{"count":9,"href":"http:\/\/www.szamorgdata.hu\/index.php\/wp-json\/wp\/v2\/pages\/21\/revisions"}],"predecessor-version":[{"id":4851,"href":"http:\/\/www.szamorgdata.hu\/index.php\/wp-json\/wp\/v2\/pages\/21\/revisions\/4851"}],"wp:attachment":[{"href":"http:\/\/www.szamorgdata.hu\/index.php\/wp-json\/wp\/v2\/media?parent=21"}],"curies":[{"name":"wp","href":"https:\/\/api.w.org\/{rel}","templated":true}]}}