{"id":274,"date":"2017-10-26T17:44:27","date_gmt":"2017-10-26T17:44:27","guid":{"rendered":"http:\/\/www.szamorgdata.hu\/?page_id=274"},"modified":"2025-04-19T20:42:49","modified_gmt":"2025-04-19T18:42:49","slug":"megoldasok","status":"publish","type":"page","link":"http:\/\/www.szamorgdata.hu\/index.php\/megoldasok\/","title":{"rendered":"Megold\u00e1sok"},"content":{"rendered":"<p>&nbsp;<br \/>\n<strong><span style=\"color: #008080;\">Szoftver + Hardver<\/span><\/strong><\/p>\n<p>Kulcsrak\u00e9sz teljes konfigur\u00e1ci\u00f3t biztos\u00edtunk, mely tartalmazza a c\u00e9g sz\u00fcks\u00e9gleteire szabott modul\u00e1risan \u00f6ssze\u00e1ll\u00edtott szoftvercsomagot, valamint az \u00fczemeltet\u00e9shez sz\u00fcks\u00e9ges hardver \u00e9s szoftver elemeket.<\/p>\n<p><strong><span style=\"color: #008080;\">Szerverhotel<\/span><\/strong><\/p>\n<p><img loading=\"lazy\" decoding=\"async\" class=\"alignright wp-image-678\" src=\"http:\/\/www.szamorgdata.hu\/wp-content\/uploads\/2017\/09\/server-2160321_1920-300x105.jpg\" alt=\"\" width=\"286\" height=\"100\" srcset=\"http:\/\/www.szamorgdata.hu\/wp-content\/uploads\/2017\/09\/server-2160321_1920-300x105.jpg 300w, http:\/\/www.szamorgdata.hu\/wp-content\/uploads\/2017\/09\/server-2160321_1920-768x269.jpg 768w, http:\/\/www.szamorgdata.hu\/wp-content\/uploads\/2017\/09\/server-2160321_1920-1024x358.jpg 1024w, http:\/\/www.szamorgdata.hu\/wp-content\/uploads\/2017\/09\/server-2160321_1920.jpg 1920w\" sizes=\"(max-width: 286px) 100vw, 286px\" \/><\/p>\n<p>Kiszolg\u00e1l\u00f3 g\u00e9p\u00e9t el tudjuk helyezni egy g\u00e9pparkban (szerverhotel), amely minden ter\u00fcletr\u0151l k\u00f6nnyen el\u00e9rhet\u0151. Nagy seg\u00edts\u00e9get jelenthet, hogy a t\u00e1voli r\u00e9szlegek bekapcsol\u00e1s\u00e1hoz nem kell k\u00f6zpontilag nagy k\u00f6lts\u00e9ggel b\u00edr\u00f3 beruh\u00e1z\u00e1st v\u00e9grehajtani a k\u00f6zponti g\u00e9p elhelyez\u00e9s\u00e9re. Ugyanakkor lehet\u0151v\u00e9 teszi a c\u00e9g k\u00f6lt\u00f6z\u00e9s\u00e9t is an\u00e9lk\u00fcl, hogy az informatikai h\u00e1tt\u00e9r folyamatos biztos\u00edt\u00e1sa \u00e9rdek\u00e9ben b\u00e1rmit tenni kellene.<\/p>\n<p><strong><span style=\"color: #008080;\">Felh\u0151<\/span><\/strong><\/p>\n<p><img loading=\"lazy\" decoding=\"async\" class=\" wp-image-659 alignright\" src=\"http:\/\/www.szamorgdata.hu\/wp-content\/uploads\/2017\/10\/cloud-600224_1920-300x200.jpg\" alt=\"\" width=\"178\" height=\"118\" srcset=\"http:\/\/www.szamorgdata.hu\/wp-content\/uploads\/2017\/10\/cloud-600224_1920-300x200.jpg 300w, http:\/\/www.szamorgdata.hu\/wp-content\/uploads\/2017\/10\/cloud-600224_1920-768x512.jpg 768w, http:\/\/www.szamorgdata.hu\/wp-content\/uploads\/2017\/10\/cloud-600224_1920-1024x682.jpg 1024w, http:\/\/www.szamorgdata.hu\/wp-content\/uploads\/2017\/10\/cloud-600224_1920.jpg 1920w\" sizes=\"(max-width: 178px) 100vw, 178px\" \/><\/p>\n<p>Teljes rendszer haszn\u00e1lat\u00e1t ig\u00e9nyelheti az informatikai h\u00e1tt\u00e9r kialak\u00edt\u00e1sa n\u00e9lk\u00fcl. Csak a saj\u00e1t haszn\u00e1latban l\u00e9v\u0151 asztali-, laptop-, vagy tablet g\u00e9peken el kell ind\u00edtani a t\u00e1voli kapcsolatot \u00e9s m\u00e1r haszn\u00e1lhatja is a rendszert.<br \/>\n&nbsp;<br \/>\n&nbsp;<br \/>\n&nbsp;<br \/>\n&nbsp;<br \/>\n&nbsp;<br \/>\n&nbsp;<br \/>\n<strong><span style=\"color: #008080;\">Adatok ment\u00e9se<\/span><\/strong><\/p>\n<p>Adatainak folyamatos ment\u00e9s\u00e9hez t\u00e1mogat\u00e1st ny\u00fajtunk. K\u00fcl\u00f6n ig\u00e9ny eset\u00e9n az adatok ment\u00e9s\u00e9t folyamatosan elv\u00e9gezz\u00fck.<\/p>\n<p><img loading=\"lazy\" decoding=\"async\" class=\"alignright wp-image-215 size-medium\" src=\"http:\/\/www.szamorgdata.hu\/wp-content\/uploads\/2017\/10\/technology-servers-server-159282_mod-300x113.jpeg\" alt=\"\" width=\"300\" height=\"113\" srcset=\"http:\/\/www.szamorgdata.hu\/wp-content\/uploads\/2017\/10\/technology-servers-server-159282_mod-300x113.jpeg 300w, http:\/\/www.szamorgdata.hu\/wp-content\/uploads\/2017\/10\/technology-servers-server-159282_mod-768x288.jpeg 768w, http:\/\/www.szamorgdata.hu\/wp-content\/uploads\/2017\/10\/technology-servers-server-159282_mod-1024x384.jpeg 1024w, http:\/\/www.szamorgdata.hu\/wp-content\/uploads\/2017\/10\/technology-servers-server-159282_mod.jpeg 1200w\" sizes=\"(max-width: 300px) 100vw, 300px\" \/><br \/>\n<a href=\"http:\/\/www.szamorgdata.hu\/index.php\/kapcsolat\">K\u00e9rjen ingyenes konzult\u00e1ci\u00f3t! <\/a><\/p>\n","protected":false},"excerpt":{"rendered":"<p>&nbsp; Szoftver + Hardver Kulcsrak\u00e9sz teljes konfigur\u00e1ci\u00f3t biztos\u00edtunk, mely tartalmazza a c\u00e9g sz\u00fcks\u00e9gleteire szabott modul\u00e1risan \u00f6ssze\u00e1ll\u00edtott szoftvercsomagot, valamint az \u00fczemeltet\u00e9shez sz\u00fcks\u00e9ges hardver \u00e9s szoftver elemeket. Szerverhotel Kiszolg\u00e1l\u00f3 g\u00e9p\u00e9t el tudjuk helyezni egy g\u00e9pparkban (szerverhotel), amely minden ter\u00fcletr\u0151l k\u00f6nnyen el\u00e9rhet\u0151. Nagy seg\u00edts\u00e9get jelenthet, hogy a t\u00e1voli r\u00e9szlegek bekapcsol\u00e1s\u00e1hoz nem kell k\u00f6zpontilag nagy k\u00f6lts\u00e9ggel b\u00edr\u00f3 beruh\u00e1z\u00e1st v\u00e9grehajtani [&hellip;]<\/p>\n","protected":false},"author":1,"featured_media":0,"parent":0,"menu_order":0,"comment_status":"closed","ping_status":"closed","template":"","meta":{"footnotes":""},"_links":{"self":[{"href":"http:\/\/www.szamorgdata.hu\/index.php\/wp-json\/wp\/v2\/pages\/274"}],"collection":[{"href":"http:\/\/www.szamorgdata.hu\/index.php\/wp-json\/wp\/v2\/pages"}],"about":[{"href":"http:\/\/www.szamorgdata.hu\/index.php\/wp-json\/wp\/v2\/types\/page"}],"author":[{"embeddable":true,"href":"http:\/\/www.szamorgdata.hu\/index.php\/wp-json\/wp\/v2\/users\/1"}],"replies":[{"embeddable":true,"href":"http:\/\/www.szamorgdata.hu\/index.php\/wp-json\/wp\/v2\/comments?post=274"}],"version-history":[{"count":33,"href":"http:\/\/www.szamorgdata.hu\/index.php\/wp-json\/wp\/v2\/pages\/274\/revisions"}],"predecessor-version":[{"id":5598,"href":"http:\/\/www.szamorgdata.hu\/index.php\/wp-json\/wp\/v2\/pages\/274\/revisions\/5598"}],"wp:attachment":[{"href":"http:\/\/www.szamorgdata.hu\/index.php\/wp-json\/wp\/v2\/media?parent=274"}],"curies":[{"name":"wp","href":"https:\/\/api.w.org\/{rel}","templated":true}]}}