{"id":279,"date":"2017-10-26T18:08:01","date_gmt":"2017-10-26T18:08:01","guid":{"rendered":"http:\/\/www.szamorgdata.hu\/?page_id=279"},"modified":"2025-04-15T14:14:20","modified_gmt":"2025-04-15T12:14:20","slug":"keszlet","status":"publish","type":"page","link":"http:\/\/www.szamorgdata.hu\/index.php\/keszlet\/","title":{"rendered":"K\u00e9szlet"},"content":{"rendered":"<h3>K\u00e9szlet modul<\/h3>\n<p>\u2022\u00a0\u00a0\u00a0 v\u00e1s\u00e1rl\u00e1sok k\u00f6vet\u00e9se, beszerz\u00e9si \u00e1rak ut\u00f3lagos m\u00f3dos\u00edt\u00e1s\u00e1nak lehet\u0151s\u00e9ge<\/p>\n<p><img loading=\"lazy\" decoding=\"async\" class=\"wp-image-814 alignright\" src=\"http:\/\/www.szamorgdata.hu\/wp-content\/uploads\/2017\/10\/image023-300x210.jpg\" alt=\"\" width=\"493\" height=\"345\" srcset=\"http:\/\/www.szamorgdata.hu\/wp-content\/uploads\/2017\/10\/image023-300x210.jpg 300w, http:\/\/www.szamorgdata.hu\/wp-content\/uploads\/2017\/10\/image023.jpg 599w\" sizes=\"(max-width: 493px) 100vw, 493px\" \/><br \/>\n\u2022\u00a0\u00a0\u00a0 beszerz\u00e9si t\u00e9telek gener\u00e1l\u00e1sa sz\u00e1ll\u00edt\u00f3i rendel\u00e9sek alapj\u00e1n<br \/>\n\u2022\u00a0\u00a0\u00a0 m\u00e9rlegelt \u00e1tlag\u00e1ras, FIFO elv szerinti ill. elsz\u00e1mol\u00f3 \u00e1ras k\u00e9szlet\u00e9rt\u00e9kel\u00e9s<br \/>\n\u2022\u00a0\u00a0\u00a0 meghat\u00e1rozott sz\u00e1zal\u00e9kn\u00e1l nagyobb \u00e1relt\u00e9r\u00e9sek automatikus jelz\u00e9se<br \/>\n\u2022\u00a0\u00a0\u00a0 elad\u00e1sok, felhaszn\u00e1l\u00e1sok, saj\u00e1t termel\u00e9s\u0171 k\u00e9szletek mozg\u00e1sai, rakt\u00e1rk\u00f6zi, egy\u00e9b mozg\u00e1sok kezel\u00e9se<br \/>\n\u2022\u00a0\u00a0\u00a0 kiad\u00e1si t\u00e9telek gener\u00e1l\u00e1sa vev\u0151 rendel\u00e9sek alapj\u00e1n<br \/>\n\u2022\u00a0\u00a0\u00a0 k\u00e9szletv\u00e1ltoz\u00e1si bizonylatok nyomtat\u00e1sa<\/p>\n<p>\u2022\u00a0\u00a0\u00a0 k\u00e9szlet \u00e1t\u00e9rt\u00e9kel\u00e9s cikkenk\u00e9nt fix \u00e1r megad\u00e1s\u00e1val, cikkcsoportonk\u00e9nt sz\u00e1zal\u00e9kosan<br \/>\n\u2022\u00a0\u00a0\u00a0 ig\u00e9ny eset\u00e9n t\u00e1rol\u00f3 helyi, ill. egy\u00e9b egys\u00e9gek (tekercs, k\u00f6teg, stb.) szerinti nyilv\u00e1ntart\u00e1s a k\u00e9tf\u00e9le mennyis\u00e9gi egys\u00e9g szerinti nyilv\u00e1ntart\u00e1s mellett<br \/>\n\u2022\u00a0\u00a0\u00a0 k\u00e9szletkimutat\u00e1s, k\u00e9szlet forgalom, sokr\u00e9t\u0171 elemz\u0151 forgalmi kimutat\u00e1sok (forg\u00e1si sebess\u00e9g anal\u00edzis)<br \/>\n\u2022\u00a0\u00a0\u00a0 lelt\u00e1rfunkci\u00f3k t\u00e1mogat\u00e1sa, lelt\u00e1rfelv\u00e9tel vonalk\u00f3d seg\u00edts\u00e9g\u00e9vel, lelt\u00e1r ki\u00e9rt\u00e9kel\u00e9s<br \/>\n\u2022\u00a0\u00a0\u00a0 recept\u00far\u00e1k alapj\u00e1n k\u00e9szterm\u00e9kekre kalkul\u00e1ci\u00f3 k\u00e9sz\u00edt\u00e9se, k\u00e9szterm\u00e9k el\u0151\u00e1ll\u00edt\u00e1shoz \u00f6sszet\u00e9tel szerinti automatikus k\u00e9szlet kiad\u00e1si t\u00e9telek gener\u00e1l\u00e1sa,<br \/>\n\u2022\u00a0\u00a0\u00a0 bels\u0151, vev\u0151 megrendel\u00e9sek feldolgoz\u00e1sa, foglalt-szabad k\u00e9szletek kezel\u00e9se, sz\u00e1ll\u00edt\u00f3i rendel\u00e9sek gener\u00e1l\u00e1sa bels\u0151 vagy\u00a0 vev\u0151 megrendel\u00e9sekb\u0151l, szerz\u0151d\u00e9sekb\u0151l, aj\u00e1nlatokb\u00f3l, minimum k\u00e9szlet al\u00e1 fogyott cikkekb\u0151l ig\u00e9ny szerint automatikusan<br \/>\nk\u00e9szletmozg\u00e1sok gener\u00e1l\u00e1sa a rendel\u00e9s \u00e1llom\u00e1nyb\u00f3l<br \/>\n\u2022\u00a0\u00a0\u00a0 be\u00e9rkez\u0151 sz\u00e1mla &#8211; bev\u00e9telez\u00e9s likvid\u00e1ci\u00f3<br \/>\n\u2022\u00a0\u00a0\u00a0 min-max k\u00e9szletszintek figyel\u00e9se, elfekv\u0151 k\u00e9szletek kimutat\u00e1sa<br \/>\n\u2022\u00a0\u00a0\u00a0 forg\u00e1si sebess\u00e9g sz\u00e1m\u00edt\u00e1sa<br \/>\n\u2022\u00a0\u00a0\u00a0 idegen tulajdon\u00fa k\u00e9szletek nyilv\u00e1ntart\u00e1sa &#8211; konszign\u00e1ci\u00f3<br \/>\n\u2022\u00a0\u00a0\u00a0 diszpoz\u00edci\u00f3 k\u00e9sz\u00edt\u00e9se &#8211; automatikus, be\u00e1ll\u00edtott id\u0151z\u00edt\u00e9ssel<br \/>\n\u2022\u00a0\u00a0\u00a0 vonalk\u00f3d (EAN) alkalmaz\u00e1sa<br \/>\n\u2022\u00a0\u00a0\u00a0 \u00e1llatok nyilv\u00e1ntart\u00e1sa &#8211; \u00e1tlagos \u00e1llom\u00e1nyi l\u00e9tsz\u00e1m, takarm\u00e1nyoz\u00e1si napl\u00f3 k\u00e9sz\u00edt\u00e9se<\/p>\n<p>&nbsp;<\/p>\n<p><a href=\"http:\/\/www.szamorgdata.hu\/index.php\/kapcsolat\">K\u00e9rjen ingyenes konzult\u00e1ci\u00f3t! <\/a><\/p>\n","protected":false},"excerpt":{"rendered":"<p>K\u00e9szlet modul \u2022\u00a0\u00a0\u00a0 v\u00e1s\u00e1rl\u00e1sok k\u00f6vet\u00e9se, beszerz\u00e9si \u00e1rak ut\u00f3lagos m\u00f3dos\u00edt\u00e1s\u00e1nak lehet\u0151s\u00e9ge \u2022\u00a0\u00a0\u00a0 beszerz\u00e9si t\u00e9telek gener\u00e1l\u00e1sa sz\u00e1ll\u00edt\u00f3i rendel\u00e9sek alapj\u00e1n \u2022\u00a0\u00a0\u00a0 m\u00e9rlegelt \u00e1tlag\u00e1ras, FIFO elv szerinti ill. elsz\u00e1mol\u00f3 \u00e1ras k\u00e9szlet\u00e9rt\u00e9kel\u00e9s \u2022\u00a0\u00a0\u00a0 meghat\u00e1rozott sz\u00e1zal\u00e9kn\u00e1l nagyobb \u00e1relt\u00e9r\u00e9sek automatikus jelz\u00e9se \u2022\u00a0\u00a0\u00a0 elad\u00e1sok, felhaszn\u00e1l\u00e1sok, saj\u00e1t termel\u00e9s\u0171 k\u00e9szletek mozg\u00e1sai, rakt\u00e1rk\u00f6zi, egy\u00e9b mozg\u00e1sok kezel\u00e9se \u2022\u00a0\u00a0\u00a0 kiad\u00e1si t\u00e9telek gener\u00e1l\u00e1sa vev\u0151 rendel\u00e9sek alapj\u00e1n \u2022\u00a0\u00a0\u00a0 k\u00e9szletv\u00e1ltoz\u00e1si bizonylatok [&hellip;]<\/p>\n","protected":false},"author":1,"featured_media":0,"parent":0,"menu_order":0,"comment_status":"closed","ping_status":"closed","template":"","meta":{"footnotes":""},"_links":{"self":[{"href":"http:\/\/www.szamorgdata.hu\/index.php\/wp-json\/wp\/v2\/pages\/279"}],"collection":[{"href":"http:\/\/www.szamorgdata.hu\/index.php\/wp-json\/wp\/v2\/pages"}],"about":[{"href":"http:\/\/www.szamorgdata.hu\/index.php\/wp-json\/wp\/v2\/types\/page"}],"author":[{"embeddable":true,"href":"http:\/\/www.szamorgdata.hu\/index.php\/wp-json\/wp\/v2\/users\/1"}],"replies":[{"embeddable":true,"href":"http:\/\/www.szamorgdata.hu\/index.php\/wp-json\/wp\/v2\/comments?post=279"}],"version-history":[{"count":16,"href":"http:\/\/www.szamorgdata.hu\/index.php\/wp-json\/wp\/v2\/pages\/279\/revisions"}],"predecessor-version":[{"id":5562,"href":"http:\/\/www.szamorgdata.hu\/index.php\/wp-json\/wp\/v2\/pages\/279\/revisions\/5562"}],"wp:attachment":[{"href":"http:\/\/www.szamorgdata.hu\/index.php\/wp-json\/wp\/v2\/media?parent=279"}],"curies":[{"name":"wp","href":"https:\/\/api.w.org\/{rel}","templated":true}]}}