{"id":290,"date":"2017-10-26T18:21:36","date_gmt":"2017-10-26T18:21:36","guid":{"rendered":"http:\/\/www.szamorgdata.hu\/?page_id=290"},"modified":"2021-03-09T13:46:20","modified_gmt":"2021-03-09T12:46:20","slug":"ujdonsagok","status":"publish","type":"page","link":"http:\/\/www.szamorgdata.hu\/index.php\/ujdonsagok\/","title":{"rendered":"\u00dajdons\u00e1gok"},"content":{"rendered":"<h3g>Mobil kommunik\u00e1ci\u00f3<\/h3g>\n<p>\nRendszer\u00fcnk adataihoz hozz\u00e1f\u00e9rhet mobil telefonj\u00e1r\u00f3l is.\n<\/p>\n<h3g>WEB-es fejleszt\u00e9sek<\/h3g>\n<p>\nRendszer\u00fcnk egyes kiemelt moduljai m\u0171k\u00f6dtethet\u0151k web b\u00f6ng\u00e9sz\u0151ben is.\n<\/p>\n<h3g>F\u00f6ldb\u00e9rleti nyilv\u00e1ntart\u00e1s<\/h3g>\n<p>\nKidolgoztuk a megadott ig\u00e9nyek alapj\u00e1n a f\u00f6ldb\u00e9rleti nyilv\u00e1ntart\u00e1si rendszert.<br \/>\nKimutat\u00e1sok k\u00e9sz\u00edt\u00e9se sokf\u00e9le szempont szerint. A list\u00e1k k\u00e9sz\u00edt\u00e9se sokf\u00e9le sz\u0171r\u0151 megad\u00e1si lehet\u0151s\u00e9ggel.<br \/>\nList\u00e1k k\u00e9sz\u00edt\u00e9se fizet\u00e9si m\u00f3donk\u00e9nt.<br \/>\nAd\u00f3bevall\u00e1s k\u00e9sz\u00edt\u00e9se.\n<\/p>\n<p style=\"text-align: right;\"><img loading=\"lazy\" decoding=\"async\" class=\"alignnone wp-image-1182\" src=\"http:\/\/www.szamorgdata.hu\/wp-content\/uploads\/2020\/02\/pexels-photo-29594-1100x300.jpg\" alt=\"\" width=\"350\" height=\"95\" srcset=\"http:\/\/www.szamorgdata.hu\/wp-content\/uploads\/2020\/02\/pexels-photo-29594-1100x300.jpg 1100w, http:\/\/www.szamorgdata.hu\/wp-content\/uploads\/2020\/02\/pexels-photo-29594-1100x300-300x82.jpg 300w, http:\/\/www.szamorgdata.hu\/wp-content\/uploads\/2020\/02\/pexels-photo-29594-1100x300-768x209.jpg 768w, http:\/\/www.szamorgdata.hu\/wp-content\/uploads\/2020\/02\/pexels-photo-29594-1100x300-1024x279.jpg 1024w\" sizes=\"(max-width: 350px) 100vw, 350px\" \/><\/p>\n","protected":false},"excerpt":{"rendered":"<p>Mobil kommunik\u00e1ci\u00f3 Rendszer\u00fcnk adataihoz hozz\u00e1f\u00e9rhet mobil telefonj\u00e1r\u00f3l is. WEB-es fejleszt\u00e9sek Rendszer\u00fcnk egyes kiemelt moduljai m\u0171k\u00f6dtethet\u0151k web b\u00f6ng\u00e9sz\u0151ben is. F\u00f6ldb\u00e9rleti nyilv\u00e1ntart\u00e1s Kidolgoztuk a megadott ig\u00e9nyek alapj\u00e1n a f\u00f6ldb\u00e9rleti nyilv\u00e1ntart\u00e1si rendszert. Kimutat\u00e1sok k\u00e9sz\u00edt\u00e9se sokf\u00e9le szempont szerint. A list\u00e1k k\u00e9sz\u00edt\u00e9se sokf\u00e9le sz\u0171r\u0151 megad\u00e1si lehet\u0151s\u00e9ggel. List\u00e1k k\u00e9sz\u00edt\u00e9se fizet\u00e9si m\u00f3donk\u00e9nt. Ad\u00f3bevall\u00e1s k\u00e9sz\u00edt\u00e9se.<\/p>\n","protected":false},"author":1,"featured_media":0,"parent":0,"menu_order":0,"comment_status":"closed","ping_status":"closed","template":"fullwidth.php","meta":{"footnotes":""},"_links":{"self":[{"href":"http:\/\/www.szamorgdata.hu\/index.php\/wp-json\/wp\/v2\/pages\/290"}],"collection":[{"href":"http:\/\/www.szamorgdata.hu\/index.php\/wp-json\/wp\/v2\/pages"}],"about":[{"href":"http:\/\/www.szamorgdata.hu\/index.php\/wp-json\/wp\/v2\/types\/page"}],"author":[{"embeddable":true,"href":"http:\/\/www.szamorgdata.hu\/index.php\/wp-json\/wp\/v2\/users\/1"}],"replies":[{"embeddable":true,"href":"http:\/\/www.szamorgdata.hu\/index.php\/wp-json\/wp\/v2\/comments?post=290"}],"version-history":[{"count":17,"href":"http:\/\/www.szamorgdata.hu\/index.php\/wp-json\/wp\/v2\/pages\/290\/revisions"}],"predecessor-version":[{"id":4905,"href":"http:\/\/www.szamorgdata.hu\/index.php\/wp-json\/wp\/v2\/pages\/290\/revisions\/4905"}],"wp:attachment":[{"href":"http:\/\/www.szamorgdata.hu\/index.php\/wp-json\/wp\/v2\/media?parent=290"}],"curies":[{"name":"wp","href":"https:\/\/api.w.org\/{rel}","templated":true}]}}