{"id":352,"date":"2017-10-27T08:30:03","date_gmt":"2017-10-27T08:30:03","guid":{"rendered":"http:\/\/www.szamorgdata.hu\/?page_id=352"},"modified":"2021-04-09T10:21:58","modified_gmt":"2021-04-09T08:21:58","slug":"kapcsolat","status":"publish","type":"page","link":"http:\/\/www.szamorgdata.hu\/index.php\/kapcsolat\/","title":{"rendered":"Kapcsolat"},"content":{"rendered":"<p>Kapcsolat felv\u00e9tele az al\u00e1bbi el\u00e9rhet\u0151s\u00e9gek alapj\u00e1n:<\/p>\n<h5><span style=\"color: #008080;\">Sz\u00e1morgdata Sz\u00e1m\u00edt\u00e1stechnikai Kereskedelmi Szolg\u00e1ltat\u00f3 Kft.<\/span><\/h5>\n<p>1146 Budapest, Zichy G\u00e9za utca 4.<\/p>\n<p>Telefon:\u00a0 +36 20 552 1903<\/p>\n<div class=\"site-info\">\n<div><\/div>\n<div class=\"footercredit\">\u00a0e-mail:\u00a0\u00a0 K\u00f6zponti :\u00a0 <a href=\"mailto:info@szamorgdata.hu\"> info@szamorgdata.hu\u00a0\u00a0<\/a><\/div>\n<div class=\"footercredit\">\u00a0\u00a0\u00a0\u00a0\u00a0\u00a0\u00a0\u00a0\u00a0\u00a0\u00a0\u00a0\u00a0\u00a0\u00a0 Hardver : \u00a0 \u00a0<a href=\"mailto:it@szamorgdata.hu\">it@szamorgdata.hu <\/a><\/div>\n<\/div>\n<p><img loading=\"lazy\" decoding=\"async\" class=\"size-medium wp-image-657 alignright\" src=\"http:\/\/www.szamorgdata.hu\/wp-content\/uploads\/2017\/09\/pexels-photo-300x200.jpg\" alt=\"\" width=\"300\" height=\"200\" \/><\/p>\n","protected":false},"excerpt":{"rendered":"<p>Kapcsolat felv\u00e9tele az al\u00e1bbi el\u00e9rhet\u0151s\u00e9gek alapj\u00e1n: Sz\u00e1morgdata Sz\u00e1m\u00edt\u00e1stechnikai Kereskedelmi Szolg\u00e1ltat\u00f3 Kft. 1146 Budapest, Zichy G\u00e9za utca 4. Telefon:\u00a0 +36 20 552 1903 \u00a0e-mail:\u00a0\u00a0 K\u00f6zponti :\u00a0 info@szamorgdata.hu\u00a0\u00a0 \u00a0\u00a0\u00a0\u00a0\u00a0\u00a0\u00a0\u00a0\u00a0\u00a0\u00a0\u00a0\u00a0\u00a0\u00a0 Hardver : \u00a0 \u00a0it@szamorgdata.hu<\/p>\n","protected":false},"author":1,"featured_media":0,"parent":0,"menu_order":0,"comment_status":"closed","ping_status":"closed","template":"fullwidth.php","meta":{"footnotes":""},"_links":{"self":[{"href":"http:\/\/www.szamorgdata.hu\/index.php\/wp-json\/wp\/v2\/pages\/352"}],"collection":[{"href":"http:\/\/www.szamorgdata.hu\/index.php\/wp-json\/wp\/v2\/pages"}],"about":[{"href":"http:\/\/www.szamorgdata.hu\/index.php\/wp-json\/wp\/v2\/types\/page"}],"author":[{"embeddable":true,"href":"http:\/\/www.szamorgdata.hu\/index.php\/wp-json\/wp\/v2\/users\/1"}],"replies":[{"embeddable":true,"href":"http:\/\/www.szamorgdata.hu\/index.php\/wp-json\/wp\/v2\/comments?post=352"}],"version-history":[{"count":26,"href":"http:\/\/www.szamorgdata.hu\/index.php\/wp-json\/wp\/v2\/pages\/352\/revisions"}],"predecessor-version":[{"id":5556,"href":"http:\/\/www.szamorgdata.hu\/index.php\/wp-json\/wp\/v2\/pages\/352\/revisions\/5556"}],"wp:attachment":[{"href":"http:\/\/www.szamorgdata.hu\/index.php\/wp-json\/wp\/v2\/media?parent=352"}],"curies":[{"name":"wp","href":"https:\/\/api.w.org\/{rel}","templated":true}]}}