{"id":389,"date":"2017-10-27T11:50:38","date_gmt":"2017-10-27T11:50:38","guid":{"rendered":"http:\/\/www.szamorgdata.hu\/?page_id=389"},"modified":"2021-03-30T08:20:49","modified_gmt":"2021-03-30T06:20:49","slug":"beleptetes","status":"publish","type":"page","link":"http:\/\/www.szamorgdata.hu\/index.php\/beleptetes\/","title":{"rendered":"Bel\u00e9ptet\u00e9s"},"content":{"rendered":"<h3><span style=\"color: #008080;\">Dolgoz\u00f3k be- \u00e9s kil\u00e9ptet\u00e9se, a dolgoz\u00f3k munkaidej\u00e9nek k\u00f6vet\u00e9se<\/span><\/h3>\n<p>Adatkapcsolat az analitikus rendszerekkel<br \/>\nDolgoz\u00f3k azonos\u00edt\u00e1sa szem\u00e9lyi k\u00e1rty\u00e1val<br \/>\nK\u00e1rty\u00e1k kezel\u00e9se<br \/>\nTetsz\u0151leges sz\u00e1m\u00fa be \u00e9s kil\u00e9ptet\u0151 termin\u00e1l telep\u00edt\u00e9se<br \/>\n\u00c1llapotjelent\u00e9s \u2013 gyors \u00e1ttekint\u00e9s a dolgoz\u00f3k helyzet\u00e9r\u0151l \u2013 bennl\u00e9v\u0151k, t\u00e1voll\u00e9v\u0151k<br \/>\nJelenl\u00e9ti \u00edv k\u00e9sz\u00edt\u00e9s<br \/>\nSzabads\u00e1gok, tart\u00f3s t\u00e1voll\u00e9tek kezel\u00e9se<br \/>\nEgy\u00e9b kontrollingot t\u00e1mogat\u00f3 lehet\u0151s\u00e9gek, rugalmas lek\u00e9rdez\u00e9sek biztos\u00edt\u00e1sa<\/p>\n<p>\nA rendszer rendelkezik a dolgoz\u00f3k bel\u00e9ptet\u0151 k\u00e1rty\u00e1n kereszt\u00fcl t\u00f6rt\u00e9n\u0151 azonos\u00edt\u00e1si lehet\u0151s\u00e9ggel. Biztos\u00edtja a k\u00e1rty\u00e1k kezel\u00e9s\u00e9t, az \u00e9rv\u00e9nyes k\u00e1rty\u00e1k dolgoz\u00f3hoz rendel\u00e9s\u00e9t, \u00e9s a dolgoz\u00f3k mozg\u00e1sainak k\u00f6vet\u00e9s\u00e9t. Adminisztr\u00e1lja a munk\u00e1ban elt\u00f6lt\u00f6tt id\u0151t \u00e9s err\u0151l az id\u0151szak v\u00e9g\u00e9n jelenl\u00e9ti \u00edv k\u00e9sz\u00edthet\u0151, ami a b\u00e9rsz\u00e1mfejt\u00e9shez seg\u00edts\u00e9get ny\u00fajt. A jelenl\u00e9ti \u00edvet szervezeti egys\u00e9genk\u00e9nt lehet k\u00e9sz\u00edteni \u00e9s a munkahelyi vezet\u0151vel egyeztethet\u0151.\n<\/p>\n<p><a href=\"http:\/\/www.szamorgdata.hu\/index.php\/kapcsolat\">K\u00e9rjen ingyenes konzult\u00e1ci\u00f3t most! <\/a><\/p>\n","protected":false},"excerpt":{"rendered":"<p>Dolgoz\u00f3k be- \u00e9s kil\u00e9ptet\u00e9se, a dolgoz\u00f3k munkaidej\u00e9nek k\u00f6vet\u00e9se Adatkapcsolat az analitikus rendszerekkel Dolgoz\u00f3k azonos\u00edt\u00e1sa szem\u00e9lyi k\u00e1rty\u00e1val K\u00e1rty\u00e1k kezel\u00e9se Tetsz\u0151leges sz\u00e1m\u00fa be \u00e9s kil\u00e9ptet\u0151 termin\u00e1l telep\u00edt\u00e9se \u00c1llapotjelent\u00e9s \u2013 gyors \u00e1ttekint\u00e9s a dolgoz\u00f3k helyzet\u00e9r\u0151l \u2013 bennl\u00e9v\u0151k, t\u00e1voll\u00e9v\u0151k Jelenl\u00e9ti \u00edv k\u00e9sz\u00edt\u00e9s Szabads\u00e1gok, tart\u00f3s t\u00e1voll\u00e9tek kezel\u00e9se Egy\u00e9b kontrollingot t\u00e1mogat\u00f3 lehet\u0151s\u00e9gek, rugalmas lek\u00e9rdez\u00e9sek biztos\u00edt\u00e1sa A rendszer rendelkezik a dolgoz\u00f3k bel\u00e9ptet\u0151 [&hellip;]<\/p>\n","protected":false},"author":1,"featured_media":0,"parent":0,"menu_order":0,"comment_status":"closed","ping_status":"closed","template":"fullwidth.php","meta":{"footnotes":""},"_links":{"self":[{"href":"http:\/\/www.szamorgdata.hu\/index.php\/wp-json\/wp\/v2\/pages\/389"}],"collection":[{"href":"http:\/\/www.szamorgdata.hu\/index.php\/wp-json\/wp\/v2\/pages"}],"about":[{"href":"http:\/\/www.szamorgdata.hu\/index.php\/wp-json\/wp\/v2\/types\/page"}],"author":[{"embeddable":true,"href":"http:\/\/www.szamorgdata.hu\/index.php\/wp-json\/wp\/v2\/users\/1"}],"replies":[{"embeddable":true,"href":"http:\/\/www.szamorgdata.hu\/index.php\/wp-json\/wp\/v2\/comments?post=389"}],"version-history":[{"count":7,"href":"http:\/\/www.szamorgdata.hu\/index.php\/wp-json\/wp\/v2\/pages\/389\/revisions"}],"predecessor-version":[{"id":5006,"href":"http:\/\/www.szamorgdata.hu\/index.php\/wp-json\/wp\/v2\/pages\/389\/revisions\/5006"}],"wp:attachment":[{"href":"http:\/\/www.szamorgdata.hu\/index.php\/wp-json\/wp\/v2\/media?parent=389"}],"curies":[{"name":"wp","href":"https:\/\/api.w.org\/{rel}","templated":true}]}}