{"id":480,"date":"2017-12-20T15:53:04","date_gmt":"2017-12-20T15:53:04","guid":{"rendered":"http:\/\/www.szamorgdata.hu\/?page_id=480"},"modified":"2021-03-09T13:51:57","modified_gmt":"2021-03-09T12:51:57","slug":"vevo-szallito-2","status":"publish","type":"page","link":"http:\/\/www.szamorgdata.hu\/index.php\/vevo-szallito-2\/","title":{"rendered":"Vev\u0151-Sz\u00e1ll\u00edt\u00f3"},"content":{"rendered":"<h2g>Vev\u0151-Sz\u00e1ll\u00edt\u00f3<\/h2g>\n<p>\n<h3g>Rendel\u00e9s nyilv\u00e1ntart\u00e1s<\/h3g><\/p>\n<p>\n\u2013 iktat\u00e1s<br \/>\n\u2013 kont\u00edroz\u00e1s, ak\u00e1r k\u00e9s\u0151bbi id\u0151pontban<br \/>\n\u2013 foly\u00f3sz\u00e1ml\u00e1k vezet\u00e9se<br \/>\n\u2013 id\u0151szakonk\u00e9nti lek\u00e9rdez\u00e9sek<br \/>\n\u2013 hat\u00e1rid\u0151nk\u00e9nti kintl\u00e9v\u0151s\u00e9gek s\u00e1vosan<br \/>\n\u2013 egyenlegk\u00f6zl\u00e9s, fizet\u00e9si felsz\u00f3l\u00edt\u00e1sok<br \/>\n\u2013 k\u00e9sedelmi kamatsz\u00e1m\u00edt\u00e1s<br \/>\n\u2013 toplist\u00e1k, tilt\u00f3list\u00e1k<br \/>\n\u2013 be\u00e9rkez\u0151 sz\u00e1ml\u00e1k iktat\u00e1sa<br \/>\n\u2013 sz\u00e1mlaigazoltat\u00e1s<br \/>\n\u2013 sz\u00e1mlak\u00eds\u00e9r\u0151 lapok<br \/>\n\u2013 k\u00e9sedelmi kamatok sz\u00e1m\u00edt\u00e1sa<br \/>\n\u2013 hitelkeret figyel\u00e9s<br \/>\n\u2013 deviza forgalom k\u00f6nyvel\u00e9se, \u00e1rfolyam-differenci\u00e1k automatikus elsz\u00e1mol\u00e1sa<br \/>\n\u2013 p\u00e9nzforgalmi jogc\u00edmek szerinti gy\u0171jt\u00e9s<br \/>\n\u2013 \u00c1FA bevall\u00e1s k\u00e9sz\u00edt\u00e9se, ad\u00f3\u00f6sszes\u00edt\u00e9sek k\u00e9sz\u00edt\u00e9se ad\u00f3nemenk\u00e9nt, egys\u00e9genk\u00e9nt<br \/>\n\u2013 rugalmas lek\u00e9rdez\u00e9si lehet\u0151s\u00e9gek, kigy\u0171jt\u00e9sek pl. partnerenk\u00e9nt, cikkenk\u00e9nt, \u00fczletk\u00f6t\u0151k szerint, stb.<\/p>\n","protected":false},"excerpt":{"rendered":"<p>Vev\u0151-Sz\u00e1ll\u00edt\u00f3 Rendel\u00e9s nyilv\u00e1ntart\u00e1s \u2013 iktat\u00e1s \u2013 kont\u00edroz\u00e1s, ak\u00e1r k\u00e9s\u0151bbi id\u0151pontban \u2013 foly\u00f3sz\u00e1ml\u00e1k vezet\u00e9se \u2013 id\u0151szakonk\u00e9nti lek\u00e9rdez\u00e9sek \u2013 hat\u00e1rid\u0151nk\u00e9nti kintl\u00e9v\u0151s\u00e9gek s\u00e1vosan \u2013 egyenlegk\u00f6zl\u00e9s, fizet\u00e9si felsz\u00f3l\u00edt\u00e1sok \u2013 k\u00e9sedelmi kamatsz\u00e1m\u00edt\u00e1s \u2013 toplist\u00e1k, tilt\u00f3list\u00e1k \u2013 be\u00e9rkez\u0151 sz\u00e1ml\u00e1k iktat\u00e1sa \u2013 sz\u00e1mlaigazoltat\u00e1s \u2013 sz\u00e1mlak\u00eds\u00e9r\u0151 lapok \u2013 k\u00e9sedelmi kamatok sz\u00e1m\u00edt\u00e1sa \u2013 hitelkeret figyel\u00e9s \u2013 deviza forgalom k\u00f6nyvel\u00e9se, \u00e1rfolyam-differenci\u00e1k automatikus elsz\u00e1mol\u00e1sa \u2013 p\u00e9nzforgalmi [&hellip;]<\/p>\n","protected":false},"author":1,"featured_media":0,"parent":0,"menu_order":0,"comment_status":"closed","ping_status":"closed","template":"fullwidth.php","meta":{"footnotes":""},"_links":{"self":[{"href":"http:\/\/www.szamorgdata.hu\/index.php\/wp-json\/wp\/v2\/pages\/480"}],"collection":[{"href":"http:\/\/www.szamorgdata.hu\/index.php\/wp-json\/wp\/v2\/pages"}],"about":[{"href":"http:\/\/www.szamorgdata.hu\/index.php\/wp-json\/wp\/v2\/types\/page"}],"author":[{"embeddable":true,"href":"http:\/\/www.szamorgdata.hu\/index.php\/wp-json\/wp\/v2\/users\/1"}],"replies":[{"embeddable":true,"href":"http:\/\/www.szamorgdata.hu\/index.php\/wp-json\/wp\/v2\/comments?post=480"}],"version-history":[{"count":7,"href":"http:\/\/www.szamorgdata.hu\/index.php\/wp-json\/wp\/v2\/pages\/480\/revisions"}],"predecessor-version":[{"id":4915,"href":"http:\/\/www.szamorgdata.hu\/index.php\/wp-json\/wp\/v2\/pages\/480\/revisions\/4915"}],"wp:attachment":[{"href":"http:\/\/www.szamorgdata.hu\/index.php\/wp-json\/wp\/v2\/media?parent=480"}],"curies":[{"name":"wp","href":"https:\/\/api.w.org\/{rel}","templated":true}]}}