{"id":511,"date":"2018-01-09T18:03:25","date_gmt":"2018-01-09T18:03:25","guid":{"rendered":"http:\/\/www.szamorgdata.hu\/?page_id=511"},"modified":"2021-03-21T17:20:11","modified_gmt":"2021-03-21T16:20:11","slug":"gy-i-k","status":"publish","type":"page","link":"http:\/\/www.szamorgdata.hu\/index.php\/gy-i-k\/","title":{"rendered":"GY.I.K."},"content":{"rendered":"<h3g>Gyakran ism\u00e9telt k\u00e9rd\u00e9sek<\/h3g>\n<\/p>\n<h5g>Felt\u00f6lt\u00e9s alatt&#8230;<\/h5g>\n<\/p>\n<p>K\u00f6zz\u00e9 tessz\u00fck \u00fcgyfeleink \u00e1ltal gyakran felvetett k\u00e9rd\u00e9seket, amelyek \u00f6nben is megfogalmaz\u00f3dhatnak. \u00c9rdemes \u00e1tn\u00e9zni, hogy az \u00f6nt foglalkoztat\u00f3 probl\u00e9ma nem szerepel-e a gyakran ism\u00e9telt k\u00e9rd\u00e9sek k\u00f6z\u00f6tt \u00e9s esetleg v\u00e1laszt is kaphat az \u00f6nt foglalkoztat\u00f3 probl\u00e9m\u00e1ra.<\/p>\n<h2><img loading=\"lazy\" decoding=\"async\" class=\"alignnone size-medium wp-image-540\" src=\"http:\/\/www.szamorgdata.hu\/wp-content\/uploads\/2018\/01\/Felt\u00f6lt\u00e9salatt-300x169.jpg\" alt=\"\" width=\"300\" height=\"169\" srcset=\"http:\/\/www.szamorgdata.hu\/wp-content\/uploads\/2018\/01\/Felt\u00f6lt\u00e9salatt-300x169.jpg 300w, http:\/\/www.szamorgdata.hu\/wp-content\/uploads\/2018\/01\/Felt\u00f6lt\u00e9salatt-768x432.jpg 768w, http:\/\/www.szamorgdata.hu\/wp-content\/uploads\/2018\/01\/Felt\u00f6lt\u00e9salatt.jpg 960w\" sizes=\"(max-width: 300px) 100vw, 300px\" \/><\/h2>\n","protected":false},"excerpt":{"rendered":"<p>Gyakran ism\u00e9telt k\u00e9rd\u00e9sek Felt\u00f6lt\u00e9s alatt&#8230; K\u00f6zz\u00e9 tessz\u00fck \u00fcgyfeleink \u00e1ltal gyakran felvetett k\u00e9rd\u00e9seket, amelyek \u00f6nben is megfogalmaz\u00f3dhatnak. \u00c9rdemes \u00e1tn\u00e9zni, hogy az \u00f6nt foglalkoztat\u00f3 probl\u00e9ma nem szerepel-e a gyakran ism\u00e9telt k\u00e9rd\u00e9sek k\u00f6z\u00f6tt \u00e9s esetleg v\u00e1laszt is kaphat az \u00f6nt foglalkoztat\u00f3 probl\u00e9m\u00e1ra.<\/p>\n","protected":false},"author":2,"featured_media":0,"parent":0,"menu_order":0,"comment_status":"closed","ping_status":"closed","template":"fullwidth.php","meta":{"footnotes":""},"_links":{"self":[{"href":"http:\/\/www.szamorgdata.hu\/index.php\/wp-json\/wp\/v2\/pages\/511"}],"collection":[{"href":"http:\/\/www.szamorgdata.hu\/index.php\/wp-json\/wp\/v2\/pages"}],"about":[{"href":"http:\/\/www.szamorgdata.hu\/index.php\/wp-json\/wp\/v2\/types\/page"}],"author":[{"embeddable":true,"href":"http:\/\/www.szamorgdata.hu\/index.php\/wp-json\/wp\/v2\/users\/2"}],"replies":[{"embeddable":true,"href":"http:\/\/www.szamorgdata.hu\/index.php\/wp-json\/wp\/v2\/comments?post=511"}],"version-history":[{"count":22,"href":"http:\/\/www.szamorgdata.hu\/index.php\/wp-json\/wp\/v2\/pages\/511\/revisions"}],"predecessor-version":[{"id":4976,"href":"http:\/\/www.szamorgdata.hu\/index.php\/wp-json\/wp\/v2\/pages\/511\/revisions\/4976"}],"wp:attachment":[{"href":"http:\/\/www.szamorgdata.hu\/index.php\/wp-json\/wp\/v2\/media?parent=511"}],"curies":[{"name":"wp","href":"https:\/\/api.w.org\/{rel}","templated":true}]}}