{"id":8,"date":"2017-09-26T21:37:43","date_gmt":"2017-09-26T21:37:43","guid":{"rendered":"http:\/\/localhost\/wordpress\/?page_id=8"},"modified":"2025-04-15T14:50:10","modified_gmt":"2025-04-15T12:50:10","slug":"szamlazas","status":"publish","type":"page","link":"http:\/\/www.szamorgdata.hu\/index.php\/szamlazas\/","title":{"rendered":"Sz\u00e1ml\u00e1z\u00e1s"},"content":{"rendered":"<h3>Sz\u00e1ml\u00e1z\u00f3 modul<\/h3>\n<div class=\"entry-content\">\n<p>\u2022\u00a0\u00a0\u00a0 sz\u00e1mlak\u00e9sz\u00edt\u00e9s a szigor\u00fa sz\u00e1mad\u00e1s al\u00e1 vont bizonylatokra vonatkoz\u00f3 el\u0151\u00edr\u00e1soknak ill. a NAV el\u0151\u00edr\u00e1soknak\u00a0 megfelel\u0151en<br \/>\n\u2022\u00a0\u00a0\u00a0 NAV online sz\u00e1mla jelent\u00e9s<br \/>\n\u2022\u00a0\u00a0\u00a0 PDF form\u00e1tum\u00fa sz\u00e1mla el\u0151\u00e1ll\u00edt\u00e1sa<br \/>\n\u2022\u00a0\u00a0\u00a0 sz\u00e1mla m\u00e1solatok k\u00e9sz\u00edt\u00e9se<br \/>\n\u2022\u00a0\u00a0\u00a0 sz\u00e1ml\u00e1k automatikus gener\u00e1l\u00e1sa munkalapokhoz, ism\u00e9tl\u0151d\u0151 tev\u00e9kenys\u00e9gcsoportokhoz<br \/>\n\u2022\u00a0\u00a0\u00a0 csoportos sz\u00e1ml\u00e1k k\u00e9sz\u00edt\u00e9se be\u00e1ll\u00edt\u00e1s alapj\u00e1n<br \/>\n\u2022\u00a0\u00a0\u00a0 automatikus sz\u00e1mlak\u00e9sz\u00edt\u00e9s megk\u00f6t\u00f6tt szerz\u0151d\u00e9sek, sz\u00e1ll\u00edt\u00f3levelek \u00e9s sablonok\u00a0 alapj\u00e1n<br \/>\n\u2022\u00a0\u00a0\u00a0 sz\u00e1ml\u00e1z\u00e1skor a vev\u0151 hitelk\u00e9pess\u00e9g\u00e9nek vizsg\u00e1lata<br \/>\n\u2022\u00a0\u00a0\u00a0 sz\u00e1mlak\u00e9sz\u00edt\u00e9s forintban, deviz\u00e1ban, magyar \u00e9s\/vagy angol \u00e9s\/vagy n\u00e9met, tov\u00e1bb\u00e1 orosz nyelven<br \/>\n\u2022\u00a0\u00a0\u00a0 automatikus \u00e1rfolyam \u00e9s \u00c1FA sz\u00e1m\u00edt\u00e1s azonnali k\u00e9szletcs\u00f6kkent\u00e9s a kisz\u00e1ml\u00e1zott t\u00e9telekre vonatkoz\u00f3an, vagy sz\u00e1ll\u00edt\u00f3levelek ki\u00e1ll\u00edt\u00e1sakor sz\u00e1ll\u00edt\u00f3levelek k\u00e9sz\u00edt\u00e9se, kezel\u00e9se, kapcsol\u00f3d\u00f3 k\u00e9szletmozg\u00e1sok gener\u00e1l\u00e1s\u00e1val<\/p>\n<p><a href=\"http:\/\/www.szamorgdata.hu\/index.php\/kapcsolat\">K\u00e9rjen ingyenes konzult\u00e1ci\u00f3t! <\/a><\/p>\n<p><img loading=\"lazy\" decoding=\"async\" class=\"aligncenter size-medium wp-image-716\" src=\"http:\/\/www.szamorgdata.hu\/wp-content\/uploads\/2018\/03\/jogtisztasag-300x183.jpeg\" alt=\"\" width=\"300\" height=\"183\" \/><\/p>\n<\/div>\n","protected":false},"excerpt":{"rendered":"<p>Sz\u00e1ml\u00e1z\u00f3 modul \u2022\u00a0\u00a0\u00a0 sz\u00e1mlak\u00e9sz\u00edt\u00e9s a szigor\u00fa sz\u00e1mad\u00e1s al\u00e1 vont bizonylatokra vonatkoz\u00f3 el\u0151\u00edr\u00e1soknak ill. a NAV el\u0151\u00edr\u00e1soknak\u00a0 megfelel\u0151en \u2022\u00a0\u00a0\u00a0 NAV online sz\u00e1mla jelent\u00e9s \u2022\u00a0\u00a0\u00a0 PDF form\u00e1tum\u00fa sz\u00e1mla el\u0151\u00e1ll\u00edt\u00e1sa \u2022\u00a0\u00a0\u00a0 sz\u00e1mla m\u00e1solatok k\u00e9sz\u00edt\u00e9se \u2022\u00a0\u00a0\u00a0 sz\u00e1ml\u00e1k automatikus gener\u00e1l\u00e1sa munkalapokhoz, ism\u00e9tl\u0151d\u0151 tev\u00e9kenys\u00e9gcsoportokhoz \u2022\u00a0\u00a0\u00a0 csoportos sz\u00e1ml\u00e1k k\u00e9sz\u00edt\u00e9se be\u00e1ll\u00edt\u00e1s alapj\u00e1n \u2022\u00a0\u00a0\u00a0 automatikus sz\u00e1mlak\u00e9sz\u00edt\u00e9s megk\u00f6t\u00f6tt szerz\u0151d\u00e9sek, sz\u00e1ll\u00edt\u00f3levelek \u00e9s sablonok\u00a0 alapj\u00e1n \u2022\u00a0\u00a0\u00a0 sz\u00e1ml\u00e1z\u00e1skor [&hellip;]<\/p>\n","protected":false},"author":1,"featured_media":0,"parent":0,"menu_order":0,"comment_status":"closed","ping_status":"closed","template":"","meta":{"footnotes":""},"_links":{"self":[{"href":"http:\/\/www.szamorgdata.hu\/index.php\/wp-json\/wp\/v2\/pages\/8"}],"collection":[{"href":"http:\/\/www.szamorgdata.hu\/index.php\/wp-json\/wp\/v2\/pages"}],"about":[{"href":"http:\/\/www.szamorgdata.hu\/index.php\/wp-json\/wp\/v2\/types\/page"}],"author":[{"embeddable":true,"href":"http:\/\/www.szamorgdata.hu\/index.php\/wp-json\/wp\/v2\/users\/1"}],"replies":[{"embeddable":true,"href":"http:\/\/www.szamorgdata.hu\/index.php\/wp-json\/wp\/v2\/comments?post=8"}],"version-history":[{"count":16,"href":"http:\/\/www.szamorgdata.hu\/index.php\/wp-json\/wp\/v2\/pages\/8\/revisions"}],"predecessor-version":[{"id":5569,"href":"http:\/\/www.szamorgdata.hu\/index.php\/wp-json\/wp\/v2\/pages\/8\/revisions\/5569"}],"wp:attachment":[{"href":"http:\/\/www.szamorgdata.hu\/index.php\/wp-json\/wp\/v2\/media?parent=8"}],"curies":[{"name":"wp","href":"https:\/\/api.w.org\/{rel}","templated":true}]}}